{"id":104,"date":"2025-10-13T09:20:20","date_gmt":"2025-10-13T09:20:20","guid":{"rendered":"https:\/\/www.cartechotoarizatespit.com\/ctdrive\/?page_id=104"},"modified":"2025-10-13T19:11:23","modified_gmt":"2025-10-13T19:11:23","slug":"flash","status":"publish","type":"page","link":"https:\/\/www.cartechotoarizatespit.com\/ctdrive\/flash\/","title":{"rendered":""},"content":{"rendered":"\n<figure class=\"wp-block-image aligncenter size-medium\"><a href=\"https:\/\/www.cartechotoarizatespit.com\/ctdrive\/\"><img loading=\"lazy\" decoding=\"async\" width=\"300\" height=\"81\" src=\"https:\/\/www.cartechotoarizatespit.com\/ctdrive\/wp-content\/uploads\/2025\/09\/cartec_logo_v3-1-300x81.png\" alt=\"\" class=\"wp-image-85\" srcset=\"https:\/\/www.cartechotoarizatespit.com\/ctdrive\/wp-content\/uploads\/2025\/09\/cartec_logo_v3-1-300x81.png 300w, https:\/\/www.cartechotoarizatespit.com\/ctdrive\/wp-content\/uploads\/2025\/09\/cartec_logo_v3-1.png 333w\" sizes=\"auto, (max-width: 300px) 100vw, 300px\" \/><\/a><\/figure>\n\n\n\n<figure class=\"wp-block-image size-full\"><img loading=\"lazy\" decoding=\"async\" width=\"1024\" height=\"112\" src=\"https:\/\/www.cartechotoarizatespit.com\/ctdrive\/wp-content\/uploads\/2025\/09\/marka_logolar.png\" alt=\"\" class=\"wp-image-76\" srcset=\"https:\/\/www.cartechotoarizatespit.com\/ctdrive\/wp-content\/uploads\/2025\/09\/marka_logolar.png 1024w, https:\/\/www.cartechotoarizatespit.com\/ctdrive\/wp-content\/uploads\/2025\/09\/marka_logolar-300x33.png 300w, https:\/\/www.cartechotoarizatespit.com\/ctdrive\/wp-content\/uploads\/2025\/09\/marka_logolar-768x84.png 768w\" sizes=\"auto, (max-width: 1024px) 100vw, 1024px\" \/><\/figure>\n\n\n\n<style>\n\/* Sayfa \u00fcst\u00fcndeki WordPress ba\u015fl\u0131k, men\u00fc, header ve footer'\u0131 gizle *\/\n.page-id-1054 .site-header,\n.page-id-1054 .site-footer,\n.page-id-1054 .wp-block-group.has-global-padding,\n.page-id-1054 .wp-block-group.alignwide,\n.page-id-1054 header,\n.page-id-1054 .entry-title {\n  display: none !important;\n}\n\n.card-header{\n  display: none !important;\n}\n\nheader{\n  display: none !important;\n}\n.float-right{\n  display: none !important;\n}\n\n.float-left{\n  display: none !important;\n}\n\nfooter {\n  display: none !important;\n}\n\n\n.page-id-1054 .entry-content {\n  margin:0 !important;\n  padding:0 !important;\n}\n\n\/* \u0130frame alan\u0131 tam ekran *\/\n.iframe-page {\n  position:relative;\n  width:100%;\n  height:100vh;\n  overflow:hidden; \/* \u00fcst k\u0131sm\u0131 k\u0131rpmak i\u00e7in *\/\n}\n\n\/* \u0130frame i\u00e7indeki \u00fcst navbar\u2019\u0131 k\u0131rp (56px yukar\u0131 kayd\u0131r) *\/\n.iframe-page iframe {\n  position:absolute;\n  top:-56px; \/* iframe i\u00e7indeki navbar y\u00fcksekli\u011fi *\/\n  left:0;\n  width:100%;\n  height:calc(100% + 56px); \/* k\u0131rpt\u0131\u011f\u0131m\u0131z kadar ekle *\/\n  border:none;\n}\n<\/style>\n\n<div class=\"iframe-page\">\n  <iframe src=\"https:\/\/vag-flashinfo.de\/site\/index\"><\/iframe>\n<\/div>\n\n\n\n<p class=\"is-style-default\"><\/p>\n\n\n\n<p><\/p>\n","protected":false},"excerpt":{"rendered":"","protected":false},"author":1,"featured_media":0,"parent":0,"menu_order":0,"comment_status":"closed","ping_status":"closed","template":"","meta":{"footnotes":""},"class_list":["post-104","page","type-page","status-publish","hentry"],"_links":{"self":[{"href":"https:\/\/www.cartechotoarizatespit.com\/ctdrive\/wp-json\/wp\/v2\/pages\/104","targetHints":{"allow":["GET"]}}],"collection":[{"href":"https:\/\/www.cartechotoarizatespit.com\/ctdrive\/wp-json\/wp\/v2\/pages"}],"about":[{"href":"https:\/\/www.cartechotoarizatespit.com\/ctdrive\/wp-json\/wp\/v2\/types\/page"}],"author":[{"embeddable":true,"href":"https:\/\/www.cartechotoarizatespit.com\/ctdrive\/wp-json\/wp\/v2\/users\/1"}],"replies":[{"embeddable":true,"href":"https:\/\/www.cartechotoarizatespit.com\/ctdrive\/wp-json\/wp\/v2\/comments?post=104"}],"version-history":[{"count":42,"href":"https:\/\/www.cartechotoarizatespit.com\/ctdrive\/wp-json\/wp\/v2\/pages\/104\/revisions"}],"predecessor-version":[{"id":159,"href":"https:\/\/www.cartechotoarizatespit.com\/ctdrive\/wp-json\/wp\/v2\/pages\/104\/revisions\/159"}],"wp:attachment":[{"href":"https:\/\/www.cartechotoarizatespit.com\/ctdrive\/wp-json\/wp\/v2\/media?parent=104"}],"curies":[{"name":"wp","href":"https:\/\/api.w.org\/{rel}","templated":true}]}}